{"id":29,"date":"2021-09-13T11:05:30","date_gmt":"2021-09-13T11:05:30","guid":{"rendered":"http:\/\/hectare.pl\/?page_id=29"},"modified":"2021-09-13T11:10:34","modified_gmt":"2021-09-13T11:10:34","slug":"o-nas","status":"publish","type":"page","link":"https:\/\/hectare.pl\/","title":{"rendered":"O nas"},"content":{"rendered":"\n<p style=\"text-align: justify\">Maj\u0105c na uwadze dobro \u015brodowiska naturalnego w naszym regionie decydujemy si\u0119 na inwestycj\u0119 w odnawialne \u017ar\u00f3d\u0142a energii. Panele fotowoltaiczne stosowane na ca\u0142ym \u015bwiecie do produkcji czystej energii s\u0142onecznej, nie wykorzystuj\u0105 w tym celu organicznych paliw kopalnych. Energia s\u0142oneczna jest obecnie najbezpieczniejszym \u017ar\u00f3d\u0142em energii, kt\u00f3re nie wywo\u0142uje \u017cadnych sprzeciw\u00f3w spo\u0142ecznych. Jednym z istotnych efekt\u00f3w \u015brodowiskowych, b\u0119d\u0105cych wynikiem zastosowania modu\u0142\u00f3w fotowoltaicznych, jest drastyczne ograniczenie emisji C02 do atmosfery o oko\u0142o 1300 ton w ci\u0105gu roku przy pracy elektrowni o mocy 1 MW. Bior\u0105c pod uwag\u0119 ca\u0142kowit\u0105 moc zainstalowanej fotowoltaiki na \u015bwiecie, korzy\u015bci dla jako\u015bci powietrza, kt\u00f3rym oddychamy, s\u0105 nieocenione. Instalacje solarne pomagaj\u0105 skutecznie redukowa\u0107 emisj\u0119 nie tylko dwutlenku w\u0119gla, ale r\u00f3wnie\u017c dwutlenku siarki, tlenk\u00f3w azotu, tlenku w\u0119gla i py\u0142\u00f3w. Pozwalaj\u0105 unikn\u0105\u0107 powstawania odpad\u00f3w sta\u0142ych, \u015bciek\u00f3w, a tak\u017ce zanieczyszczenia gleby oraz degradacji terenu, kt\u00f3re s\u0105 cz\u0119stym nast\u0119pstwem produkcji energii z wykorzystaniem \u017ar\u00f3de\u0142 konwencjonalnych. Zeroemisyjne rozwi\u0105zania PV mog\u0105 r\u00f3wnie\u017c znacz\u0105co stabilizowa\u0107 prac\u0119 systemu elektroenergetycznego, zw\u0142aszcza, gdy maj\u0105 wp\u0142yw na obni\u017cenie szczytu zapotrzebowania na energi\u0119. \nZastosowanie instalacji solarnych to tak\u017ce wymierne odci\u0105\u017cenie sieci przesy\u0142owych. Pami\u0119tajmy, \u017ce wytwarzanie energii jest jednym z sektor\u00f3w przemys\u0142u, kt\u00f3ry najbardziej oddzia\u0142uje na stan otaczaj\u0105cego nas \u015brodowiska.<\/p>\n","protected":false},"excerpt":{"rendered":"<p>Maj\u0105c na uwadze dobro \u015brodowiska naturalnego w naszym regionie decydujemy si\u0119 na inwestycj\u0119 w odnawialne \u017ar\u00f3d\u0142a energii. Panele fotowoltaiczne stosowane na ca\u0142ym \u015bwiecie do produkcji czystej energii s\u0142onecznej, nie wykorzystuj\u0105 w tym celu organicznych paliw kopalnych. Energia s\u0142oneczna jest obecnie najbezpieczniejszym \u017ar\u00f3d\u0142em energii, kt\u00f3re nie wywo\u0142uje \u017cadnych sprzeciw\u00f3w spo\u0142ecznych. Jednym z istotnych efekt\u00f3w \u015brodowiskowych, b\u0119d\u0105cych [&hellip;]<\/p>\n","protected":false},"author":1,"featured_media":0,"parent":0,"menu_order":0,"comment_status":"closed","ping_status":"closed","template":"","meta":[],"_links":{"self":[{"href":"https:\/\/hectare.pl\/index.php\/wp-json\/wp\/v2\/pages\/29"}],"collection":[{"href":"https:\/\/hectare.pl\/index.php\/wp-json\/wp\/v2\/pages"}],"about":[{"href":"https:\/\/hectare.pl\/index.php\/wp-json\/wp\/v2\/types\/page"}],"author":[{"embeddable":true,"href":"https:\/\/hectare.pl\/index.php\/wp-json\/wp\/v2\/users\/1"}],"replies":[{"embeddable":true,"href":"https:\/\/hectare.pl\/index.php\/wp-json\/wp\/v2\/comments?post=29"}],"version-history":[{"count":3,"href":"https:\/\/hectare.pl\/index.php\/wp-json\/wp\/v2\/pages\/29\/revisions"}],"predecessor-version":[{"id":36,"href":"https:\/\/hectare.pl\/index.php\/wp-json\/wp\/v2\/pages\/29\/revisions\/36"}],"wp:attachment":[{"href":"https:\/\/hectare.pl\/index.php\/wp-json\/wp\/v2\/media?parent=29"}],"curies":[{"name":"wp","href":"https:\/\/api.w.org\/{rel}","templated":true}]}}